{"id":47,"date":"2016-04-27T09:37:15","date_gmt":"2016-04-27T07:37:15","guid":{"rendered":"http:\/\/bsv-delmenhorst.de\/?page_id=47"},"modified":"2017-03-29T12:17:00","modified_gmt":"2017-03-29T10:17:00","slug":"imprint","status":"publish","type":"page","link":"https:\/\/www.bsv-delmenhorst.de\/?page_id=47","title":{"rendered":"Impressum"},"content":{"rendered":"<h6>Betriebssportverband Delmenhorst e. V.<\/h6>\n<p>Gesch\u00e4ftsstelle<br \/>\nc\/o Birgit Knospe<br \/>\nMei\u00dfener Str. 17<br \/>\n27755 Delmenhorst<br \/>\nEmail: vorstand@bsv-delmenhorst.de<br \/>\nInternet: www.bsv-delmenhorst.de<\/p>\n<h6>Vertretungsberechtigter Vorstand:<\/h6>\n<p>1. Vorsitzender: Christian Knospe<br \/>\n2. Vorsitzende: Andrea Kn\u00f6bel<br \/>\nKassenwartin: Birgit Knospe<\/p>\n<p>Registergericht: Amtsgericht Oldenburg<br \/>\nRegisternummer: VR 201342<\/p>\n<p>Inhaltlich Verantwortlicher gem\u00e4\u00df \u00a7 10 Absatz 3 MDStV:<br \/>\nChristian Knospe, Mei\u00dfener Str. 17, 27755 Delmenhorst<\/p>\n<p>&nbsp;<\/p>\n<hr \/>\n<h6>Haftungshinweis:<\/h6>\n<p>Die bereitgestellten Informationen auf der Webseite des Betriebssportverbandes Delmenhorst e.V. wurden sorgf\u00e4ltig gepr\u00fcft und werden regelm\u00e4\u00dfig aktualisiert. Jedoch kann keine Haftung oder Garantie daf\u00fcr \u00fcbernommen werden, dass alle Angaben zu jeder Zeit vollst\u00e4ndig, richtig und in letzter Aktualit\u00e4t dargestellt sind. Dies gilt insbesondere f\u00fcr alle Verbindungen &#8222;Links&#8220; zu anderen Webseiten, auf die direkt oder indirekt verwiesen wird. Alle Angaben k\u00f6nnen ohne vorherige Ank\u00fcndigung ge\u00e4ndert, entfernt oder erg\u00e4nzt werden.<\/p>\n<h6>Datenschutzhinweis:<\/h6>\n<p>Diese Erkl\u00e4rung gilt nur f\u00fcr Seiten, die in unserem Verantwortungsbereich liegen. Eine Haftung f\u00fcr eventuelle Datenschutz- und sonstige Rechtsverletzungen in anderen Angeboten, auf die wir einen Link gesetzt haben, \u00fcbernehmen wir nicht.<br \/>\nBeim Besuch dieser Webseite werden Daten vom Webserver f\u00fcr die \u00dcbertragung von Daten erhoben und zum Teil in Protokolldateien (Log-Files) gespeichert. Der Webserver speichert Ihre IP-Adresse, mit der theoretisch ein Personenbezug hergestellt werden kann. IP-Adressen werden unverz\u00fcglich, sp\u00e4testens jedoch 24 Stunden nach Beendigung des Nutzungsvorganges, gel\u00f6scht. IP-Adressen werden nach dem Nutzungsvorgang nicht weiter durch uns verwendet. Diese Webseite verwendet auch keine Cookies.<br \/>\nIm Log-File unseres Webservers werden bei Besuch unserer Webseite anonymisierte Daten gespeichert, die Auskunft \u00fcber das genutzte Endger\u00e4t des Besuchers, den verwendeten Browser, den Zeitpunkt des Zugriffs, den sog. Referrer und die \u00fcbertragenen Datenmengen geben. Ein Personenbezug ist aus diesen Daten aber nicht herstellbar. Auch diese Daten werden 24 Stunden nach Beendigung des Nutzungsvorgangs automatisch gel\u00f6scht.<br \/>\nWenn Sie uns eine E-Mail \u00fcbersenden, wird Ihre E-Mail-Adresse nur f\u00fcr die Korrespondenz mit Ihnen verwendet. Die mit Ihnen gef\u00fchrte Korrespondenz wird automatisch gespeichert. Eine Weitergabe an Dritte oder ein Zugriff von dritter Seite auf diese Daten ist ausgeschlossen. Sollten Sie eine solche Speicherung der mit uns gef\u00fchrten Korrespondenz nicht w\u00fcnschen, so steht Ihnen das Recht zu, der Speicherung zu widersprechen. Wir werden Ihren Wunsch auf L\u00f6schung der Daten dann unverz\u00fcglich entsprechen.<\/p>\n","protected":false},"excerpt":{"rendered":"<p>Betriebssportverband Delmenhorst e. V. Gesch\u00e4ftsstelle c\/o Birgit Knospe Mei\u00dfener Str. 17 27755 Delmenhorst Email: vorstand@bsv-delmenhorst.de Internet: www.bsv-delmenhorst.de Vertretungsberechtigter Vorstand: 1. Vorsitzender: Christian Knospe 2. Vorsitzende: Andrea Kn\u00f6bel Kassenwartin: Birgit Knospe Registergericht: Amtsgericht Oldenburg Registernummer: VR 201342 Inhaltlich Verantwortlicher gem\u00e4\u00df \u00a7 10 Absatz 3 MDStV: Christian Knospe, Mei\u00dfener Str. 17, 27755 Delmenhorst &nbsp; Haftungshinweis: Die bereitgestellten [&hellip;]<\/p>\n","protected":false},"author":1,"featured_media":0,"parent":0,"menu_order":0,"comment_status":"closed","ping_status":"closed","template":"","meta":{"footnotes":""},"class_list":["post-47","page","type-page","status-publish","hentry"],"_links":{"self":[{"href":"https:\/\/www.bsv-delmenhorst.de\/index.php?rest_route=\/wp\/v2\/pages\/47","targetHints":{"allow":["GET"]}}],"collection":[{"href":"https:\/\/www.bsv-delmenhorst.de\/index.php?rest_route=\/wp\/v2\/pages"}],"about":[{"href":"https:\/\/www.bsv-delmenhorst.de\/index.php?rest_route=\/wp\/v2\/types\/page"}],"author":[{"embeddable":true,"href":"https:\/\/www.bsv-delmenhorst.de\/index.php?rest_route=\/wp\/v2\/users\/1"}],"replies":[{"embeddable":true,"href":"https:\/\/www.bsv-delmenhorst.de\/index.php?rest_route=%2Fwp%2Fv2%2Fcomments&post=47"}],"version-history":[{"count":24,"href":"https:\/\/www.bsv-delmenhorst.de\/index.php?rest_route=\/wp\/v2\/pages\/47\/revisions"}],"predecessor-version":[{"id":3650,"href":"https:\/\/www.bsv-delmenhorst.de\/index.php?rest_route=\/wp\/v2\/pages\/47\/revisions\/3650"}],"wp:attachment":[{"href":"https:\/\/www.bsv-delmenhorst.de\/index.php?rest_route=%2Fwp%2Fv2%2Fmedia&parent=47"}],"curies":[{"name":"wp","href":"https:\/\/api.w.org\/{rel}","templated":true}]}}